{"id":40,"date":"2025-05-07T09:45:54","date_gmt":"2025-05-07T07:45:54","guid":{"rendered":"https:\/\/neandertalczyk.archeologia.uw.edu.pl\/?page_id=40"},"modified":"2025-07-09T20:30:06","modified_gmt":"2025-07-09T18:30:06","slug":"publikacje","status":"publish","type":"page","link":"https:\/\/neandertalczyk.archeologia.uw.edu.pl\/index.php\/publikacje\/","title":{"rendered":"Publikacje"},"content":{"rendered":"<p style=\"text-align: justify;\"><strong><span style=\"text-decoration: underline;\">Dotycz\u0105ce poprzednich bada\u0144 stanowisk w Zwoleniu i G\u00f3rze Pu\u0142awskiej:<\/span><\/strong><\/p>\n<p style=\"text-align: justify;\">Chmielewski, W. 1975. Paleolit \u015brodkowy i g\u00f3rny, [in:] Prahistoria ziem polskich I, ed. W. Chmielewski, W. Hensel, Zak\u0142ad Narodowy im. Ossoli\u0144skich, Wroc\u0142aw, Warszawa, Krak\u00f3w, Gda\u0144sk, pp. 9-158.<\/p>\n<p style=\"text-align: justify;\">Krukowski, S. 1939-48. Paleolit, [in:] Prehistoria ziem polskich, eds S. Krukowski, J. Kostrzewski, R. Jakimowicz, Polska Akademia Umiej\u0119tno\u015bci, Warszawa.<\/p>\n<p><!--more--><\/p>\n<p style=\"text-align: justify;\">Nowak A. 2015. Materia\u0142y krzemienne z oryniackiego stanowiska w G\u00f3rze Pu\u0142awskiej, \u201eActa Universitatis Nicolai Copernici Archeologia\u201d, 34, pp. 83\u2013104.<\/p>\n<p style=\"text-align: justify;\">Picin A, Stefa\u0144ski D., Cie\u015bla M., Valde-Nowak P. 2023. The Beginning of the Early Upper Paleolithic in Poland. \u201cJournal of Paleolithic Archaeology\u201d (2023) 6:12, https:\/\/doi.org\/10.1007\/s41982-023-00140-4<\/p>\n<p style=\"text-align: justify;\">Py\u017cewicz K. 2022. Przyk\u0142ady strategii produkcji i u\u017cytkowania paleolitycznych oraz mezolitycznych narz\u0119dzi krzemiennych, Wydawnictwa Uniwersytetu Warszawskiego, Warszawa.<br \/>\nSachse-Koz\u0142owska E. 1978. Polish Aurignacian assemblages, \u201cFolia Quaternaria\u201d, 50, pp. 1\u201337.<\/p>\n<p style=\"text-align: justify;\">Sawicki L. 1954. Stratygrafia wysokiego tarasu erozyjno-akumulacyjnego pra-Wis\u0142y w G\u00f3rze Pu\u0142awskiej, \u201eActa Geologica Polonica\u201d, 4, pp. 391\u2013423.<\/p>\n<p style=\"text-align: justify;\">Schild R., Sulgostowska Z. 1998. The Middle Paleolithic of the North European Plain at Zwole\u0144, [in:] L\u2019Homme de Neandertal (Vol. 8), eds M. Otte, La Mutation, ERAUL 35. Li\u00e8ge, pp.149-167.<\/p>\n<p style=\"text-align: justify;\">Schild R., Tomaszewski A.J., Sulgostowska Z., Gautier A., Bluszcz A., Gautier A., Bluszcz A., Bratlund B., Burke M., Juel-Jensen H., Kr\u00f3lik H., Nadachowski A., Stworzewicz E., Butrym J., Maruszczak H., Mujiks J.E. 2000. The Middle Palaeolithic killbutchery site of Zwole\u0144, Poland, [in:] Towards Modern Humans. The Yabrudian and Micoquian 400-50 k-years Ago, eds A. Ronen, M. Weinstein-Evron, BAR International Series 850, pp. 189-207.<\/p>\n<p style=\"text-align: justify;\">Schild R. 2005 ed. The Killing Fields of Zwole\u0144. A Middle Paleolithic Kill\u2010Butchery\u2010Site in Central Poland, Institute of Archaeology and Ethnology Polish Academy of Science, Warsaw.<\/p>\n<p style=\"text-align: justify;\">Wilczy\u0144ski J. 2016. A new beginning: modern humans in Poland, [in:] The Past Societies. Polish lands from the first evidence of human presence to the Early Middle Ages, 1, 500 000-5500 BC, ed. J. Kabaci\u0144ski, Institute of Archaeology and Ethnology, Polish Academy of Sciences, Warszawa, pp. 111-128.<\/p>\n<p style=\"text-align: justify;\">Wi\u015bniewski A. 2016. The First humans. Societies of the Lower and Middle Palaeolithic, [in:] The Past Societies. Polish lands from the first evidence of human presence to the Early Middle Ages, 1, 500 000-5500 BC, ed. J. Kabaci\u0144ski, Institute of Archaeology and Ethnology, Polish Academy of Sciences, Warszawa, pp. 45-96.<\/p>\n","protected":false},"excerpt":{"rendered":"<p>Dotycz\u0105ce poprzednich bada\u0144 stanowisk w Zwoleniu i G\u00f3rze Pu\u0142awskiej: Chmielewski, W. 1975. Paleolit \u015brodkowy i g\u00f3rny, [in:] Prahistoria ziem polskich I, ed. W. Chmielewski, W. Hensel, Zak\u0142ad Narodowy im. Ossoli\u0144skich, Wroc\u0142aw, Warszawa, Krak\u00f3w, Gda\u0144sk, pp. 9-158. Krukowski, S. 1939-48. Paleolit, [in:] Prehistoria ziem polskich, eds S. Krukowski, J. Kostrzewski, R. Jakimowicz, Polska Akademia Umiej\u0119tno\u015bci, Warszawa.<\/p>\n","protected":false},"author":1,"featured_media":0,"parent":0,"menu_order":0,"comment_status":"closed","ping_status":"closed","template":"","meta":{"footnotes":""},"class_list":["post-40","page","type-page","status-publish","hentry"],"_links":{"self":[{"href":"https:\/\/neandertalczyk.archeologia.uw.edu.pl\/index.php\/wp-json\/wp\/v2\/pages\/40","targetHints":{"allow":["GET"]}}],"collection":[{"href":"https:\/\/neandertalczyk.archeologia.uw.edu.pl\/index.php\/wp-json\/wp\/v2\/pages"}],"about":[{"href":"https:\/\/neandertalczyk.archeologia.uw.edu.pl\/index.php\/wp-json\/wp\/v2\/types\/page"}],"author":[{"embeddable":true,"href":"https:\/\/neandertalczyk.archeologia.uw.edu.pl\/index.php\/wp-json\/wp\/v2\/users\/1"}],"replies":[{"embeddable":true,"href":"https:\/\/neandertalczyk.archeologia.uw.edu.pl\/index.php\/wp-json\/wp\/v2\/comments?post=40"}],"version-history":[{"count":4,"href":"https:\/\/neandertalczyk.archeologia.uw.edu.pl\/index.php\/wp-json\/wp\/v2\/pages\/40\/revisions"}],"predecessor-version":[{"id":104,"href":"https:\/\/neandertalczyk.archeologia.uw.edu.pl\/index.php\/wp-json\/wp\/v2\/pages\/40\/revisions\/104"}],"wp:attachment":[{"href":"https:\/\/neandertalczyk.archeologia.uw.edu.pl\/index.php\/wp-json\/wp\/v2\/media?parent=40"}],"curies":[{"name":"wp","href":"https:\/\/api.w.org\/{rel}","templated":true}]}}