{"id":38,"date":"2025-05-07T09:45:45","date_gmt":"2025-05-07T07:45:45","guid":{"rendered":"https:\/\/neandertalczyk.archeologia.uw.edu.pl\/?page_id=38"},"modified":"2025-07-09T22:27:44","modified_gmt":"2025-07-09T20:27:44","slug":"zespol","status":"publish","type":"page","link":"https:\/\/neandertalczyk.archeologia.uw.edu.pl\/index.php\/zespol\/","title":{"rendered":"Zesp\u00f3\u0142"},"content":{"rendered":"<p>Nasz zesp\u00f3\u0142 tworzy grupa pasjonat\u00f3w epoki kamienia:<\/p>\n<p><!--more--><\/p>\n<p style=\"text-align: justify;\"><a href=\"https:\/\/www.archeologia.uw.edu.pl\/claudio-berto\/\"><strong>Claudio Berto<\/strong><\/a>, profesor, Wydzia\u0142 Archeologii, Uniwersytet Warszawski; w projekcie odpowiedzialny za: analizy ko\u015bci zwierz\u0119cych.<br \/>\nBadacz z do\u015bwiadczeniem w badaniach paleontologii ma\u0142ych kr\u0119gowc\u00f3w, biochronologii, ssak\u00f3w czwartorz\u0119dowych, plejstoce\u0144skiej paleoekologii, rekonstrukcji paleoklimatu i \u015brodowiska na stanowiskach paleolitycznych.<\/p>\n<p style=\"text-align: justify;\"><strong><a href=\"https:\/\/www.researchgate.net\/profile\/Witold-Gruzdz-2\">Witold Gru\u017cd\u017a<\/a><\/strong>, doktor, Pa\u0144stwowe Muzeum Archeologiczne w Warszawie; w projekcie odpowiedzialny za: badania terenowe, analiz\u0119 materia\u0142\u00f3w krzemiennych, badania eksperymentalne okaz\u00f3w krzemiennych.<br \/>\nBadacz z do\u015bwiadczeniem w prowadzeniu bada\u0144 terenowych oraz typologicznych, technologicznych i eksperymentalnych dotycz\u0105cych znalezisk krzemiennych.<\/p>\n<p style=\"text-align: justify;\"><strong><a href=\"https:\/\/archeo.uwr.edu.pl\/instytut\/pracownicy-iar\/mgr-adam-kobylka\/\">Adam Koby\u0142ka<\/a><\/strong>, doktorant, Instytut Archeologii, Uniwersytet Wroc\u0142awski \u2013 w projekcie odpowiedzialny za: badania terenowe, digitalizacj\u0119 danych, analiz\u0119 morfometryczn\u0105 materia\u0142\u00f3w krzemiennych.<\/p>\n<p style=\"text-align: justify;\"><strong><a href=\"https:\/\/www.researchgate.net\/profile\/Witold-Migal-2\">Witold Migal<\/a><\/strong>, magister, Pa\u0144stwowe Muzeum Archeologiczne w Warszawie; w projekcie odpowiedzialny za: badania terenowe, analiz\u0119 materia\u0142\u00f3w krzemiennych, badania eksperymentalne okaz\u00f3w krzemiennych.<br \/>\nBadacz z do\u015bwiadczeniem w prowadzeniu bada\u0144 terenowych oraz typologicznych, technologicznych i eksperymentalnych dotycz\u0105cych znalezisk krzemiennych.<\/p>\n<p style=\"text-align: justify;\"><a href=\"https:\/\/www.isez.pan.krakow.pl\/pracownicy\/jwilczynski.html\"><strong>Jaros\u0142aw Wilczy\u0144ski<\/strong>,<\/a> dr hab., Instytut Systematyki i Ewolucji Zwierz\u0105t Polskiej Akademii Nauk w Krakowie; w projekcie odpowiedzialny za: badania terenowe, analizy ko\u015bci zwierz\u0119cych.<br \/>\nBadacz z do\u015bwiadczeniem w tafonomicznych i archeozoologicznych badaniach fauny z g\u00f3rnopaleolitycznych stanowisk Europy \u015arodkowej oraz w badaniach przemian kulturowych g\u00f3rnego paleolitu i zmian \u015brodowiskowych w Europie \u015arodkowej.<\/p>\n<p style=\"text-align: justify;\"><strong><a href=\"https:\/\/geo.uw.edu.pl\/pracownik\/barbara-woronko\/\">Barbara Woronko<\/a><\/strong>, profesor, Wydzia\u0142 Geologii, Katedra Geologii Klimatycznej, Uniwersytet Warszawski; w projekcie odpowiedzialna za badania geologiczne, w tym analizy osad\u00f3w.<br \/>\nBadaczka z do\u015bwiadczeniem w badaniach geologii glacjalnej, peryglacjalnej i eolicznej, wietrzenia w mikro- i makroskali, zmian klimatycznych oraz czynnik\u00f3w je powoduj\u0105cych, a tak\u017ce geoarcheologii.<\/p>\n<p style=\"text-align: justify;\"><strong><a href=\"https:\/\/archeo.uwr.edu.pl\/instytut\/pracownicy-iar\/prof-dr-hab-andrzej-wisniewski\/\">Andrzej Wi\u015bniewski,<\/a><\/strong> profesor, Instytut Archeologii, Uniwersytet Wroc\u0142awski; w projekcie odpowiedzialny za: badania terenowe, analiz\u0119 znalezisk krzemiennych, rekonstrukcj\u0119 proces\u00f3w formowania si\u0119 stanowisk.<br \/>\nBadacz z do\u015bwiadczeniem w badaniach problematyki \u015brodkowego i g\u00f3rnego paleolitu, prowadzeniu bada\u0144 terenowych i analizie materia\u0142\u00f3w krzemiennych.<\/p>\n<p style=\"text-align: justify;\"><a href=\"https:\/\/www.archeologia.uw.edu.pl\/pyzewicz_katarzyna\/\"><strong>Katarzyna Py\u017cewicz<\/strong><\/a><strong>,<\/strong> dr hab., Wydzia\u0142 Archeologii, Uniwersytet Warszawski; w projekcie odpowiedzialna za: koordynacj\u0119 prac, badania terenowe, analizy materia\u0142\u00f3w krzemiennych, w tym badania traseologiczne.<br \/>\nBadaczka z do\u015bwiadczeniem w prowadzeniu bada\u0144 terenowych oraz studi\u00f3w nad problematyk\u0105 epoki kamienia.<\/p>\n","protected":false},"excerpt":{"rendered":"<p>Nasz zesp\u00f3\u0142 tworzy grupa pasjonat\u00f3w epoki kamienia:<\/p>\n","protected":false},"author":1,"featured_media":0,"parent":0,"menu_order":0,"comment_status":"closed","ping_status":"closed","template":"","meta":{"footnotes":""},"class_list":["post-38","page","type-page","status-publish","hentry"],"_links":{"self":[{"href":"https:\/\/neandertalczyk.archeologia.uw.edu.pl\/index.php\/wp-json\/wp\/v2\/pages\/38","targetHints":{"allow":["GET"]}}],"collection":[{"href":"https:\/\/neandertalczyk.archeologia.uw.edu.pl\/index.php\/wp-json\/wp\/v2\/pages"}],"about":[{"href":"https:\/\/neandertalczyk.archeologia.uw.edu.pl\/index.php\/wp-json\/wp\/v2\/types\/page"}],"author":[{"embeddable":true,"href":"https:\/\/neandertalczyk.archeologia.uw.edu.pl\/index.php\/wp-json\/wp\/v2\/users\/1"}],"replies":[{"embeddable":true,"href":"https:\/\/neandertalczyk.archeologia.uw.edu.pl\/index.php\/wp-json\/wp\/v2\/comments?post=38"}],"version-history":[{"count":9,"href":"https:\/\/neandertalczyk.archeologia.uw.edu.pl\/index.php\/wp-json\/wp\/v2\/pages\/38\/revisions"}],"predecessor-version":[{"id":139,"href":"https:\/\/neandertalczyk.archeologia.uw.edu.pl\/index.php\/wp-json\/wp\/v2\/pages\/38\/revisions\/139"}],"wp:attachment":[{"href":"https:\/\/neandertalczyk.archeologia.uw.edu.pl\/index.php\/wp-json\/wp\/v2\/media?parent=38"}],"curies":[{"name":"wp","href":"https:\/\/api.w.org\/{rel}","templated":true}]}}