{"id":34,"date":"2025-05-07T09:45:19","date_gmt":"2025-05-07T07:45:19","guid":{"rendered":"https:\/\/neandertalczyk.archeologia.uw.edu.pl\/?page_id=34"},"modified":"2026-03-13T10:27:14","modified_gmt":"2026-03-13T09:27:14","slug":"badania-terenowe-i-gabinetowe","status":"publish","type":"page","link":"https:\/\/neandertalczyk.archeologia.uw.edu.pl\/index.php\/badania-terenowe-i-gabinetowe\/","title":{"rendered":"Badania terenowe i gabinetowe"},"content":{"rendered":"<p style=\"text-align: justify;\">Zaczynamy kolejne badania zwi\u0105zane z aktywno\u015bci\u0105 \u00a0neandertalczyk\u00f3w i najstarszych ludzi wsp\u00f3\u0142czesnych anatomicznie na p\u00f3\u0142nocnych rubie\u017cach ich osadnictwa. Od 2023 roku prowadzimy prace terenowe w rejonie Zwolenia i analizy materia\u0142\u00f3w archiwalnych z G\u00f3ry Pu\u0142awskiej w ramach wsp\u00f3\u0142pracy Wydzia\u0142u Archeologii Uniwersytetu Warszawskiego, Pa\u0144stwowego Muzeum Archeologicznego w Warszawie oraz Instytutu Archeologii Uniwersytetu Wroc\u0142awskiego.<\/p>\n<p style=\"text-align: justify;\">W latach 2024-2025 prace w Zwoleniu realizujemy w ramach projektu \u201ePOB IV dla Rodzic\u00f3w &#8211; Nowe Idee, 2 edycja\u201d, finansowanego przez Uniwersytet Warszawski.<\/p>\n<p style=\"text-align: justify;\">Od stycznia 2025 roku badaniach s\u0105 prowadzone w ramach projektu <em>\u201e<\/em>Aktywno\u015b\u0107 neandertalczyk\u00f3w i najstarszych ludzi wsp\u00f3\u0142czesnych anatomicznie na p\u00f3\u0142nocnych rubie\u017cach ich osadnictwa (w rejonie Zwolenia i G\u00f3ry Pu\u0142awskiej)<em>\u201d<\/em>\u00a0(nr 2024\/53\/B\/HS3\/03089), finansowanego przez Narodowe Centrum Nauki w ramach konkursu OPUS 27.<\/p>\n<p>&nbsp;<\/p>\n<p style=\"text-align: justify;\"><strong>O badaniach wykopaliskowych w Zwoleniu w latach 2023-2025 roku w mo\u017cna poczyta\u0107 i pos\u0142ucha\u0107 w tych miejscach:<\/strong><\/p>\n<p><strong>2025<\/strong><\/p>\n<p class=\"style-scope ytd-watch-metadata\">&#8211; Kontekst Archeologia \u017bywa <a href=\"https:\/\/www.youtube.com\/watch?v=DdpddDOUcLw\">Neandertalczycy nad Zwole\u0144k\u0105 70 000 lat temu\u00a0<\/a><\/p>\n<p>&#8211; Cafe Wiedza <a href=\"https:\/\/www.youtube.com\/watch?v=eD5IIXSpY2Y&amp;t=396s\">Neandertalczycy w Zwoleniu<\/a><\/p>\n<p>&#8211; Patronautyka w Radiu 357 <a href=\"https:\/\/radio357.pl\/podcasty\/audycje\/patronautyka\/odcinek\/562933\/\">Neandertalczyk z Mazowsza<\/a><\/p>\n<p>&#8211; Amfiteatr. Miejski O\u015brodek Kultury <a href=\"https:\/\/www.youtube.com\/watch?v=skic6kgwTxw&amp;t=3s\">Kto by\u0142 tu przed nami? \u015alady neandertalczyk\u00f3w w Zwoleniu niedaleko Radomia sprzed 70 tys. lat<\/a><\/p>\n<p>&#8211; Nauka w Polsce <a href=\"https:\/\/naukawpolsce.pl\/aktualnosci\/news%2C109013%2Cmazowsze-paleolityczny-warsztat-neandertalczyka-nad-rzeka-zwolenka.html\">Mazowsze\/ Paleolityczny warsztat neandertalczyka nad rzek\u0105 Zwole\u0144k\u0105<\/a><\/p>\n<p>&#8211; Archeologia \u017bywa <a href=\"https:\/\/archeologia.com.pl\/neandertalczycy-nad-zwolenka-odkrycie-warsztatu-sprzed-70-tysiecy-lat\/\">Neandertalczycy nad Zwole\u0144k\u0105 \u2013 odkrycie \u201ewarsztatu\u201d sprzed 70 tys. lat<\/a><\/p>\n<p>&#8211; Discover <a href=\"https:\/\/www.discovermagazine.com\/archaeologists-unearth-neanderthal-workshop-full-of-animal-remains-and-butchering-tools-47909\">Neanderthal Workshop Full of Animal Remains and Butchering Tools Unearthed<\/a><\/p>\n<p>&#8211; Heritage Daily <a href=\"https:\/\/www.heritagedaily.com\/2025\/08\/neanderthal-workshop-unearthed-in-mazovia\/155733#google_vignette\">Neanderthal &#8222;workshop&#8221;- unearthed in Mazovia<\/a><\/p>\n<p>&#8211; TVPWorld <a href=\"https:\/\/tvpworld.com\/88183483\/where-mammoths-were-butchered-70000-year-old-neanderthal-workshop-found-in-poland?fbclid=IwY2xjawMBJnRleHRuA2FlbQIxMABicmlkETF2WW03WWp1MTdxcldVV1dJAR5A33OMVh1nX-3YA730RtQM0y6m10hWMZJ2S8G71gb2x_aBkv6cu2mIvnsXBg_aem_11qBUPEhRxqHbzsVwjBgEg\">W<span style=\"font-size: 1rem;\">here mammoths were butchered: 70,000-year-old Neanderthal workshop found in Poland<\/span><\/a><\/p>\n<p>&#8211; TVN24 <a href=\"https:\/\/tvn24.pl\/tvnwarszawa\/okolice\/zwolen-narzedzia-do-oprawiania-mamutow-i-nosorozcow-odkryte-w-paleolitycznym-warsztacie-neandertalczyka-st8585906\">70 tysi\u0119cy lat na Mazowszu naprawiali narz\u0119dzia do oprawiania mamut\u00f3w<\/a><\/p>\n<p>&#8211; Polskie Radio <a href=\"https:\/\/www.polskieradio.pl\/395\/7791\/Artykul\/3562220,neanderthal-tool-workshop-uncovered-in-central-poland\">Neanderthal tool workshop uncovered in central Poland<\/a><\/p>\n<p>&#8211; Echo dnia <a href=\"https:\/\/echodnia.eu\/radomskie\/archeolodzy-wrocili-do-zwolenia-szukaja-sladow-neandertalczykow-i-licza-na-nowe-znaleziska-zobacz-zdjecia\/ar\/c1p2-27800645?fbclid=IwY2xjawLxm9hleHRuA2FlbQIxMABicmlkETBHWWhUTmpGNjRHck1oemZvAR4L-lMcghkZKS66dZQ35zBgrefmjcjwU-OLzfJlhyRlnta9D_Rf4NRj3upeOg_aem_d-EWXor_URiH4JTYWdI1qQ\">Archeolodzy wr\u00f3cili do Zwolenia. Szukaj\u0105 \u015blad\u00f3w neandertalczyk\u00f3w i licz\u0105 na nowe znaleziska<\/a><\/p>\n<p>&#8211; Echo dnia <a href=\"https:\/\/echodnia.eu\/radomskie\/neandertalczyk-mial-warsztat-w-zwoleniu-70-tysiecy-lat-temu-naprawial-narzedzia-do-oprawiania-mamutow-koni-i-nosorozcow\/ar\/c1p2-27838623\">Neandertalczyk mia\u0142 warsztat w Zwoleniu 70 tysi\u0119cy lat temu. Naprawia\u0142 narz\u0119dzia do oprawiania mamut\u00f3w, koni i nosoro\u017cc\u00f3w<\/a><\/p>\n<p>&#8211; Radio Zet <a href=\"https:\/\/wiadomosci.radiozet.pl\/polska\/niezwykle-odkrycie-w-woj-mazowieckim-archeolodzy-znalezli-warsztat-sprzed-70-tys-lat\">Niezwyk\u0142e odkrycie w woj. mazowieckim. Archeolodzy znale\u017ali warsztat sprzed 70 tys. lat<\/a><\/p>\n<p>&#8211; Wszystko co najwa\u017cniejsze <a href=\"https:\/\/wszystkoconajwazniejsze.pl\/pepites\/neandertalczyk-zostawil-w-zwoleniu-sporo-wiedzy-o-swoim-zyciu\/\">Neandertalczyk zostawi\u0142 w Zwoleniu sporo wiedzy o swoim \u017cyciu<\/a><\/p>\n<p>&#8211; o2.pl <a href=\"https:\/\/www.o2.pl\/informacje\/zyl-tutaj-ok-70-tys-lat-temu-neandertalczyk-mial-wlasny-warsztat-7184863224547936a\">\u017by\u0142 tutaj ok. 70\u00a0tys. lat temu. Neandertalczyk mia\u0142 w\u0142asny warsztat<\/a><\/p>\n<p>&#8211; Echo Polski <a href=\"https:\/\/echopolski.pl\/paleolityczny-warsztat-neandertalczyka-odkryty-nad-rzeka-zwolenka\/#google_vignette\">Paleolityczny warsztat neandertalczyka odkryty nad rzek\u0105 Zwole\u0144k\u0105<\/a><\/p>\n<p>&#8211; Geekweek Interia <a href=\"https:\/\/geekweek.interia.pl\/historia\/news-archeolodzy-odkryli-warsztat-neandertalczyka-w-zwoleniu-pod,nId,22171810\">Archeolodzy odkryli warsztat neandertalczyka w Zwoleniu pod Warszaw\u0105. Ma 70 tys. lat<\/a><\/p>\n<p>&#8211; WP Tech <a href=\"https:\/\/tech.wp.pl\/unikatowe-znalezisko-pod-radomiem-odkryli-warsztat-neandertalczyka,7186019564800768a\">Unikatowe znalezisko pod Radomiem. Odkryli warsztat neandertalczyka<\/a><\/p>\n<p>&#8211;\u00a0 Dzieje.pl <a href=\"https:\/\/dzieje.pl\/wiadomosci\/archeolodzy-odkryli-warsztat-neandertalczyka-nad-rzeka-zwolenka\">Archeolodzy odkryli warsztat neandertalczyka nad rzek\u0105 Zwole\u0144k\u0105<\/a><\/p>\n<p>&#8211; Tw\u00f3j Radom <a href=\"https:\/\/twojradom.pl\/nad-rzeka-zwolenka-archeolodzy-odkryli-warsztat-neandertalczyka\/1446154\">Nad rzek\u0105 Zwole\u0144k\u0105 archeolodzy odkryli warsztat neandertalczyka<\/a><\/p>\n<p>&#8211; Warsaw Point <a href=\"https:\/\/warsawpoint.com\/news\/84376-neanderthal-tool-workshop-uncovered-in-central-poland.html\">Neanderthal tool workshop uncovered in central Poland<\/a><\/p>\n<p>Wiedza i \u017cycie: <a href=\"https:\/\/www.pressreader.com\/poland\/wiedza-i-zycie\/20250423\/281878714226151\">No\u017ce bifacjalne, skrobacze i od\u0142upki \u2013 czyli polskie tropy neandertalczyka<\/a><\/p>\n<p><strong>2023-2024<\/strong><\/p>\n<p>TOK FM:\u00a0<a href=\"https:\/\/audycje.tokfm.pl\/podcast\/144211,-Chcemy-zbadac-kiedy-Neandertalyczk-mieszkal-w-okolicach-Radomia-i-Zwolenia\" target=\"_blank\" rel=\"noopener\">\u201eChcemy zbada\u0107, kiedy Neandertalyczk mieszka\u0142 w okolicach Radomia i Zwolenia\u201d<\/a><\/p>\n<p>\u2013\u00a0<a href=\"https:\/\/www.cozadzien.pl\/region\/neandertalczyk-w-zwoleniu-koniec-pierwszego-etapu-prac\/94962\" target=\"_blank\" rel=\"noopener\">Neandertalczyk w Zwoleniu. Koniec pierwszego etapu prac<\/a><br \/>\n\u2013\u00a0<a href=\"https:\/\/tonaszregion.pl\/po-trzech-dekadach-archeolodzy-wrocili-do-zwolenia-czego-szukaja\/\" target=\"_blank\" rel=\"noopener\">Po trzech dekadach archeolodzy wr\u00f3cili do Zwolenia. Czego szukaj\u0105?<\/a><br \/>\n\u2013\u00a0<a href=\"https:\/\/www.cozadzien.pl\/region\/szukaja-sladow-neandertalczyka-w-zwoleniu\/93229\" target=\"_blank\" rel=\"noopener\">Szukaj\u0105 \u015blad\u00f3w neandertalczyka w Zwoleniu<\/a><br \/>\n\u2013\u00a0<a href=\"https:\/\/www.zwolen.pl\/aktualnosc-531-archeolodzy_wznowili_prace.html\" target=\"_blank\" rel=\"noopener\">Archeolodzy wznowili prace wykopaliskowe w Zwoleniu<\/a><br \/>\n\u2013\u00a0<a href=\"https:\/\/dzieje.pl\/dziedzictwo-kulturowe\/archeolodzy-ponownie-w-zwoleniu-woj-mazowieckie-badaja-pozostalosci\" target=\"_blank\" rel=\"noopener\">Archeolodzy ponownie w Zwoleniu (woj. mazowieckie) badaj\u0105 pozosta\u0142o\u015bci neandertalczyka<\/a><br \/>\n\u2013\u00a0<a href=\"https:\/\/www.polskieradio.pl\/39\/156\/Artykul\/3244732,Kosci-narzedzia-i-tajemnica-Nowe-sledztwo-w-sprawie-neandertalczyka-z-Mazowsza?fbclid=IwAR0RYWYuQt6S8J5zjx1rl6GnxlbKXqDRiZFIFLSZJe19HLsNZaFVfHQ_LkY\" target=\"_blank\" rel=\"noopener\">Ko\u015bci, narz\u0119dzia i tajemnica. Nowe \u015bledztwo w sprawie neandertalczyka z Mazowsza<\/a><br \/>\n\u2013\u00a0<a href=\"https:\/\/wiadomosci.onet.pl\/kraj\/neandertalczycy-w-zwoleniu-archeolodzy-wracaja-na-stanowisko-po-30-latach\/qdgyhsq?utm_source=l.facebook.com_viasg_wiadomosci&amp;utm_medium=referal&amp;utm_campaign=leo_automatic&amp;srcc=undefined&amp;utm_v=2\" target=\"_blank\" rel=\"noopener\">Archeolodzy wr\u00f3cili do Zwolenia po 30 latach. Badaj\u0105 pozosta\u0142o\u015bci neandertalczyka<\/a><br \/>\n\u2013\u00a0<a href=\"https:\/\/scienceinpoland.pl\/en\/news\/news%2C98442%2Carchaeologists-return-zwolen-examine-neanderthal-remains.html\" target=\"_blank\" rel=\"noopener\">Archaeologists return to Zwole\u0144 to examine Neanderthal remains<\/a><br \/>\n\u2013\u00a0<a href=\"https:\/\/pap-mediaroom.pl\/nauka-i-technologie\/archeolodzy-ponownie-w-zwoleniu-woj-mazowieckie-badaja-pozostalosci\" target=\"_blank\" rel=\"noopener\"><span class=\"field field--name-title field--type-string field--label-hidden\">Archeolodzy ponownie w Zwoleniu (woj. mazowieckie) badaj\u0105 pozosta\u0142o\u015bci neandertalczyka<\/span><\/a><\/p>\n<p style=\"text-align: justify;\"><strong>Nasze wyst\u0105pienia dotycz\u0105ce bada\u0144 nad aktywno\u015bci\u0105 neandertalczyk\u00f3w i najstarszych ludzi wsp\u00f3\u0142czesnych anatomicznie w rejonie Zwolenia i G\u00f3ry Pu\u0142awskiej:<\/strong><\/p>\n<p style=\"text-align: justify;\">Katarzyna Py\u017cewicz, Witold Gru\u017cd\u017a, Reinterpretacja zespo\u0142\u00f3w oryniackich z G\u00f3ry Pu\u0142awskiej, 4. Konferencja Naukowa Wydzia\u0142u Archeologii \u201ePrzesz\u0142o\u015b\u0107 ma przysz\u0142o\u015b\u0107!\/ The Past Has a Future!, Warszawa, 13-17 marca, 2023 r.<\/p>\n<p style=\"text-align: justify;\">Katarzyna Py\u017cewicz, Witold Gru\u017cd\u017a, Reinvestigation of the Aurignacian assemblages from G\u00f3ra Pu\u0142awska \u2013 a microscopic and experimental approach, Hugo Obermaier Society for Quaternary Research and Archaeology of the Stone Age, 64th Annual Meeting, 11-15 kwietnia, 2023 r.<\/p>\n<p style=\"text-align: justify;\">Katarzyna Py\u017cewicz, Witold Gru\u017cd\u017a, Aldona Mueller-Bieniek, Oryniacka G\u00f3ra Pu\u0142awska w \u015bwietle nowych bada\u0144, Przesz\u0142o\u015b\u0107 ma przysz\u0142o\u015b\u0107!\/ The Past Has a Future! 5. Konferencja naukowa Wydzia\u0142u Archeologii Uniwersytetu Warszawskiego Warszawa \u2013 Ch\u0119ciny, 18-22 marca 2024 r.<\/p>\n<p style=\"text-align: justify;\">Witold Gru\u017cd\u017a, Katarzyna Py\u017cewicz, Andrzej Wi\u015bniewski, Witold Migal, Osadnictwo neandertalczyk\u00f3w w Zwoleniu \u2013 nowe badania terenowe, Przesz\u0142o\u015b\u0107 ma przysz\u0142o\u015b\u0107!\/ The Past Has a Future! 5. Konferencja naukowa Wydzia\u0142u Archeologii Uniwersytetu Warszawskiego Warszawa \u2013 Ch\u0119ciny, 18-22 marca 2024 r.<\/p>\n<p style=\"text-align: justify;\">Witold Gru\u017cd\u017a, Katarzyna Py\u017cewicz, Andrzej Wi\u015bniewski, Adam Koby\u0142ka, Claudio Berto, A look back at the Kill-Butchery-Site in Zwole\u0144, Hugo Obermaier Society for Quaternary Research and Archaeology of the Stone Age, 65nd Annual Meeting, Weimar, 2-6 kwietnia 2024 r.<\/p>\n<p style=\"text-align: justify;\">Katarzyna Py\u017cewicz, Witold Gru\u017cd\u017a, Andrzej Wi\u015bniewski, Piotr Moska, Adam Koby\u0142ka, Witold Migal, Claudio Berto, Barbara Woronko, Maciej T. Krajcarz, \u015arodkowopaleolityczne stanowisko w Zwoleniu \u2013 nowe spojrzenie na chronologi\u0119, Przesz\u0142o\u015b\u0107 ma przysz\u0142o\u015b\u0107!\/ The Past Has a Future! 6. Konferencja naukowa Wydzia\u0142u Archeologii Uniwersytetu Warszawskiego Warszawa, 1 marca-4 kwietnia 2025 r.<\/p>\n<p style=\"text-align: justify;\">Katarzyna Py\u017cewicz, Witold Gru\u017cd\u017a, Adam Koby\u0142ka, Witold Migal, Claudio Berto, Piotr Moska, Andrzej Wi\u015bniewski, Nowe badania stanowiska \u0142owieckiego neandertalczyk\u00f3w Zwoleniu ko\u0142o Radomia, Wroc\u0142awskie spotkania archeologiczne, Instytut Archeologii Uniwersytetu Wroc\u0142awskiego, 5 marca 2025 r.<\/p>\n<p style=\"text-align: justify;\">Katarzyna Py\u017cewicz, Witold Gru\u017cd\u017a, Andrzej Wi\u015bniewski, Adam Koby\u0142ka, Witold Migal, Piotr Moska, Claudio Berto, Maciej Krajcarz, Barbara Woronko, What are we MIS-sing? New insights into the chronology of Zwole\u0144, Poland Hugo Obermaier Society for Quaternary Research and Archaeology of the Stone Age 66th Annual Meeting in Faro, 22-26 kwietnia 2025 r.<\/p>\n<p style=\"text-align: justify;\">Katarzyna Py\u017cewicz, Witold Gru\u017cd\u017a, Kto by\u0142 tu przed nami? \u015alady neandertalczyk\u00f3w pod Radomiem sprzed 70 tys. lat,\u00a0Weekend z nauk\u0105, Amfiteatr. Miejski O\u015brodek Kultury, Radom, 11 pa\u017adziernika 2025 r.<\/p>\n<p style=\"text-align: justify;\">Katarzyna Py\u017cewicz, Neandertalczycy pod Radomiem, Seminarium magisterskie, Wydzia\u0142 Archeologii Uniwersytetu Warszawskiego Warszawa, 23 pa\u017adziernika 2025 r.<\/p>\n<p>Witold Gru\u017cd\u017a, Witold Migal, Katarzyna Py\u017cewicz Neandertalczycy na Mazowszu, wyk\u0142ad w\u00a0 Muzeum Historycznym w Legionowie, 8 lutego 2026 r.<\/p>\n","protected":false},"excerpt":{"rendered":"<p>Zaczynamy kolejne badania zwi\u0105zane z aktywno\u015bci\u0105 \u00a0neandertalczyk\u00f3w i najstarszych ludzi wsp\u00f3\u0142czesnych anatomicznie na p\u00f3\u0142nocnych rubie\u017cach ich osadnictwa. Od 2023 roku prowadzimy prace terenowe w rejonie Zwolenia i analizy materia\u0142\u00f3w archiwalnych z G\u00f3ry Pu\u0142awskiej w ramach wsp\u00f3\u0142pracy Wydzia\u0142u Archeologii Uniwersytetu Warszawskiego, Pa\u0144stwowego Muzeum Archeologicznego w Warszawie oraz Instytutu Archeologii Uniwersytetu Wroc\u0142awskiego. W latach 2024-2025 prace w &hellip; <\/p>\n<p class=\"link-more\"><a href=\"https:\/\/neandertalczyk.archeologia.uw.edu.pl\/index.php\/badania-terenowe-i-gabinetowe\/\" class=\"more-link\">Czytaj dalej<span class=\"screen-reader-text\"> \u201eBadania terenowe i gabinetowe\u201d<\/span><\/a><\/p>\n","protected":false},"author":1,"featured_media":0,"parent":0,"menu_order":0,"comment_status":"closed","ping_status":"closed","template":"","meta":{"footnotes":""},"class_list":["post-34","page","type-page","status-publish","hentry"],"_links":{"self":[{"href":"https:\/\/neandertalczyk.archeologia.uw.edu.pl\/index.php\/wp-json\/wp\/v2\/pages\/34","targetHints":{"allow":["GET"]}}],"collection":[{"href":"https:\/\/neandertalczyk.archeologia.uw.edu.pl\/index.php\/wp-json\/wp\/v2\/pages"}],"about":[{"href":"https:\/\/neandertalczyk.archeologia.uw.edu.pl\/index.php\/wp-json\/wp\/v2\/types\/page"}],"author":[{"embeddable":true,"href":"https:\/\/neandertalczyk.archeologia.uw.edu.pl\/index.php\/wp-json\/wp\/v2\/users\/1"}],"replies":[{"embeddable":true,"href":"https:\/\/neandertalczyk.archeologia.uw.edu.pl\/index.php\/wp-json\/wp\/v2\/comments?post=34"}],"version-history":[{"count":41,"href":"https:\/\/neandertalczyk.archeologia.uw.edu.pl\/index.php\/wp-json\/wp\/v2\/pages\/34\/revisions"}],"predecessor-version":[{"id":195,"href":"https:\/\/neandertalczyk.archeologia.uw.edu.pl\/index.php\/wp-json\/wp\/v2\/pages\/34\/revisions\/195"}],"wp:attachment":[{"href":"https:\/\/neandertalczyk.archeologia.uw.edu.pl\/index.php\/wp-json\/wp\/v2\/media?parent=34"}],"curies":[{"name":"wp","href":"https:\/\/api.w.org\/{rel}","templated":true}]}}