{"id":145,"date":"2025-07-22T19:10:41","date_gmt":"2025-07-22T17:10:41","guid":{"rendered":"https:\/\/neandertalczyk.archeologia.uw.edu.pl\/?page_id=145"},"modified":"2025-08-08T11:55:47","modified_gmt":"2025-08-08T09:55:47","slug":"wsparcie","status":"publish","type":"page","link":"https:\/\/neandertalczyk.archeologia.uw.edu.pl\/index.php\/wsparcie\/","title":{"rendered":"Wsparcie"},"content":{"rendered":"<p style=\"text-align: justify;\">Aktywno\u015b\u0107 neandertalczyk\u00f3w i najstarszych ludzi wsp\u00f3\u0142czesnych anatomicznie na p\u00f3\u0142nocnych rubie\u017cach ich osadnictwa (w rejonie Zwolenia i G\u00f3ry Pu\u0142awskiej)<em>\u201d<\/em>\u00a0<a href=\"https:\/\/projekty.ncn.gov.pl\/index.php?projekt_id=619625\">(nr 2024\/53\/B\/HS3\/03089) <\/a>jest finansowany przez <a href=\"https:\/\/www.ncn.gov.pl\/\"><strong>Narodowe Centrum Nauki<\/strong><\/a> w ramach konkursu OPUS 27<\/p>\n<p>&nbsp;<\/p>\n<p style=\"text-align: justify;\">Instytucje wspieraj\u0105ce nasze dzia\u0142ania:<\/p>\n<p style=\"text-align: justify;\"><a href=\"https:\/\/www.archeologia.uw.edu.pl\/\"><strong>Wydzia\u0142 Archeologii Uniwersytetu Warszawskiego<\/strong><\/a><\/p>\n<p style=\"text-align: justify;\"><a href=\"https:\/\/www.pma.pl\/\"><strong>Pa\u0144stwowe Muzeum Archeologiczne w Warszawie<\/strong><\/a><\/p>\n<p style=\"text-align: justify;\"><a href=\"https:\/\/archeo.uwr.edu.pl\/\"><strong>Instytut Archeologii Uniwersytetu Wroc\u0142awskiego<\/strong><\/a><\/p>\n<p>&nbsp;<\/p>\n<p style=\"text-align: justify;\">Realizacja bada\u0144 terenowych na stanowisku w Zwoleniu mo\u017cliwa jest dzi\u0119ki wsparciu logistycznemu <a href=\"https:\/\/www.zwolen.pl\/\"><strong>w\u0142adz miasta Zwolenia<\/strong><\/a> i \u017cyczliwo\u015bci jego <strong>mieszka\u0144c\u00f3w<\/strong> oraz pracownik\u00f3w <a href=\"https:\/\/mwkz.pl\/delegatury-radom\"><strong>Wojew\u00f3dzkiego Urz\u0119du Ochrony Zabytk\u00f3w w Warszawie, Delegatura w Radomiu<\/strong>, <\/a>kt\u00f3rym sk\u0142adamy serdeczne podzi\u0119kowania.<\/p>\n","protected":false},"excerpt":{"rendered":"<p>Aktywno\u015b\u0107 neandertalczyk\u00f3w i najstarszych ludzi wsp\u00f3\u0142czesnych anatomicznie na p\u00f3\u0142nocnych rubie\u017cach ich osadnictwa (w rejonie Zwolenia i G\u00f3ry Pu\u0142awskiej)\u201d\u00a0(nr 2024\/53\/B\/HS3\/03089) jest finansowany przez Narodowe Centrum Nauki w ramach konkursu OPUS 27 &nbsp; Instytucje wspieraj\u0105ce nasze dzia\u0142ania: Wydzia\u0142 Archeologii Uniwersytetu Warszawskiego Pa\u0144stwowe Muzeum Archeologiczne w Warszawie Instytut Archeologii Uniwersytetu Wroc\u0142awskiego &nbsp; Realizacja bada\u0144 terenowych na stanowisku w &hellip; <\/p>\n<p class=\"link-more\"><a href=\"https:\/\/neandertalczyk.archeologia.uw.edu.pl\/index.php\/wsparcie\/\" class=\"more-link\">Czytaj dalej<span class=\"screen-reader-text\"> \u201eWsparcie\u201d<\/span><\/a><\/p>\n","protected":false},"author":2,"featured_media":0,"parent":0,"menu_order":0,"comment_status":"closed","ping_status":"closed","template":"","meta":{"footnotes":""},"class_list":["post-145","page","type-page","status-publish","hentry"],"_links":{"self":[{"href":"https:\/\/neandertalczyk.archeologia.uw.edu.pl\/index.php\/wp-json\/wp\/v2\/pages\/145","targetHints":{"allow":["GET"]}}],"collection":[{"href":"https:\/\/neandertalczyk.archeologia.uw.edu.pl\/index.php\/wp-json\/wp\/v2\/pages"}],"about":[{"href":"https:\/\/neandertalczyk.archeologia.uw.edu.pl\/index.php\/wp-json\/wp\/v2\/types\/page"}],"author":[{"embeddable":true,"href":"https:\/\/neandertalczyk.archeologia.uw.edu.pl\/index.php\/wp-json\/wp\/v2\/users\/2"}],"replies":[{"embeddable":true,"href":"https:\/\/neandertalczyk.archeologia.uw.edu.pl\/index.php\/wp-json\/wp\/v2\/comments?post=145"}],"version-history":[{"count":11,"href":"https:\/\/neandertalczyk.archeologia.uw.edu.pl\/index.php\/wp-json\/wp\/v2\/pages\/145\/revisions"}],"predecessor-version":[{"id":177,"href":"https:\/\/neandertalczyk.archeologia.uw.edu.pl\/index.php\/wp-json\/wp\/v2\/pages\/145\/revisions\/177"}],"wp:attachment":[{"href":"https:\/\/neandertalczyk.archeologia.uw.edu.pl\/index.php\/wp-json\/wp\/v2\/media?parent=145"}],"curies":[{"name":"wp","href":"https:\/\/api.w.org\/{rel}","templated":true}]}}