{"id":11,"date":"2025-04-25T12:31:24","date_gmt":"2025-04-25T10:31:24","guid":{"rendered":"http:\/\/neandertalczyk.archeologia.uw.edu.pl\/?page_id=11"},"modified":"2025-07-09T20:31:58","modified_gmt":"2025-07-09T18:31:58","slug":"strona-glowna","status":"publish","type":"page","link":"https:\/\/neandertalczyk.archeologia.uw.edu.pl\/","title":{"rendered":"Strona g\u0142\u00f3wna"},"content":{"rendered":"\r\n<p style=\"text-align: justify;\">Projekt <em>\u201e<\/em><strong>Aktywno\u015b\u0107 neandertalczyk\u00f3w i najstarszych ludzi wsp\u00f3\u0142czesnych anatomicznie na p\u00f3\u0142nocnych rubie\u017cach ich osadnictwa (w rejonie Zwolenia i G\u00f3ry Pu\u0142awskiej)<\/strong><em>\u201d<\/em> <a href=\"https:\/\/projekty.ncn.gov.pl\/index.php?projekt_id=619625\">(nr 2024\/53\/B\/HS3\/03089)<\/a>, kierowany przez dr hab. Katarzyn\u0119 Py\u017cewicz w Wydzia\u0142u Archeologii Uniwersytetu Warszawskiego, jest finansowany przez <strong>Narodowe Centrum Nauki w ramach konkursu OPUS 27<\/strong><\/p>\r\n<p><span style=\"text-decoration: underline;\">Opis projektu:<\/span><\/p>\r\n<p style=\"text-align: justify;\">Badania zwi\u0105zane z aktywno\u015bci\u0105 neandertalczyk\u00f3w i najstarszych ludzi wsp\u00f3\u0142czesnych anatomicznie nale\u017c\u0105 do rzadko\u015bci ze wzgl\u0119du na niewielk\u0105 liczb\u0119\u00a0 odpowiednio zachowanych stanowisk ze starszych okres\u00f3w epoki kamienia. Ka\u017cde nowe informacje na ten temat stanowi\u0105 wa\u017cny element w poszerzeniu naszej wiedzy na temat najstarszych spo\u0142eczno\u015bci zamieszkuj\u0105cych tereny europejskie. Projekt zak\u0142ada badania dw\u00f3ch unikatowych stanowisk zwi\u0105zanych z bytowaniem spo\u0142eczno\u015bci epoki kamienia \u00a0\u2013 w Zwoleniu i \u00a0G\u00f3rze Pu\u0142awskiej. S\u0105 to najdalej na p\u00f3\u0142noc wysuni\u0119te miejsca, gdzie odkryto \u015blady ugrupowa\u0144 neandertalskich i wczesnych <em>Homo sapiens sapiens<\/em> na terenie wsp\u00f3\u0142czesnej Polski. Oba stanowiska znane s\u0105 z bada\u0144 terenowych zrealizowanych w poprzednim wieku. W rezultacie bada\u0144 wykopaliskowych prowadzonych w Zwoleniu w latach 1983-1990 pozyskano z narz\u0119dzia krzemienne, jak i odpady z ich produkcji, a tak\u017ce ko\u015bci zwierz\u0105t plejstoce\u0144skich, w tym przede wszystkim koni.\u00a0 Obszar stanowiska\u00a0 uwa\u017cany jest za miejsce uboju i \u0107wiartowania zwierzyny przez spo\u0142eczno\u015bci neandertalskie. Z kolei stanowisko w G\u00f3rze Pu\u0142awskiej odkryto pod koniec XIX wieku, a w latach 20. i 40. XX wieku by\u0142o\u00a0 badane wykopaliskowo. W trakcie prac wydzielono kilka zespo\u0142\u00f3w, w sk\u0142ad kt\u00f3rych wchodzi\u0142y zar\u00f3wno szcz\u0105tki fauny plejstoce\u0144skiej, jak i zabytki krzemienne, kt\u00f3re powi\u0105zano z \u00a0najstarszymi lud\u017ami wsp\u00f3\u0142czesnymi anatomicznie.<\/p>\r\n<p style=\"text-align: justify;\">Celem projektu jest weryfikacja interpretacji dotycz\u0105cych wcze\u015bniejszych ustale\u0144 dotycz\u0105cych funkcji i chronologii \u00a0stanowisk, a tak\u017ce uzyskanie nowych danych o aktywno\u015bci neandertalczyk\u00f3w i najstarszych ludzi wsp\u00f3\u0142czesnych anatomicznie zamieszkuj\u0105cych tereny \u015brodkowej Polski kilkadziesi\u0105t tysi\u0119cy lat temu. Planowane s\u0105 badania terenowe. Na stanowisku w\u00a0 Zwoleniu za\u0142o\u017cone zostan\u0105 ma\u0142e wykopy, wykonana zostanie seria wierce\u0144, badania te maj\u0105 na celu ustalenie zasi\u0119gu stanowiska oraz pierwotnych miejsc aktywno\u015bci neandertalczyk\u00f3w. Z kolei na stanowisku w G\u00f3rze Pu\u0142awskiej zostan\u0105 przeprowadzone badania geomagnetyczne oraz seria wierce\u0144 i\u00a0 za\u0142o\u017cone zostan\u0105 niewielkie wykopy, co ma na celu lokalizacj\u0119 obszaru aktywno\u015bci spo\u0142eczno\u015bci paleolitycznych, planowane jest te\u017c z\u0142o\u017cenie wykop\u00f3w sonda\u017cowych. W trakcie bada\u0144 pobrane zostan\u0105 tak\u017ce pr\u00f3bki do dalszych analiz. Planowane jest zastosowanie rozwini\u0119tych metod datowania, analiz sedyment\u00f3w, bada\u0144\u00a0 ko\u015bci zwierz\u0105t i wytwor\u00f3w krzemiennych.<\/p>\r\n<p style=\"text-align: justify;\">Na podstawie zrealizowanych bada\u0144 b\u0119d\u0105 mo\u017cliwe odpowiedzi na pytania dotycz\u0105ce powod\u00f3w przybycia grup ludzkich w dobie epoki kamienia na opisywane obszary, b\u0119d\u0105ce\u00a0 wysuni\u0119tymi daleko na p\u00f3\u0142noc, poza zwart\u0105 stref\u0105 aktywno\u015bci \u00f3wczesnych spo\u0142eczno\u015bci. Dodatkowo, planowane jest uzyskanie informacji na temat sposob\u00f3w gospodarowania surowcem krzemiennym, metod i technik obr\u00f3bki bry\u0142 krzemiennych,\u00a0 w tym wykonywania narz\u0119dzi. Poprzez badania traseologiczne wytwor\u00f3w krzemiennych, b\u0119dzie mo\u017cliwym ukazanie sposob\u00f3w ich wykorzystania w codziennych aktywno\u015bciach spo\u0142eczno\u015bci epoki kamienia.\u00a0 Z kolei interpretacja ko\u015bci zwierz\u0105t plejstoce\u0144skich pod k\u0105tem przynale\u017cno\u015bci gatunkowej, charakteru pokonsumpcyjnego i dzia\u0142alno\u015bci czynnik\u00f3w podepozycyjnych, przyniesie odpowied\u017a m.in. na temat diety spo\u0142eczno\u015bci epoki kamienia. Natomiast wykonane badania sedymentologiczne, b\u0119d\u0105 podstaw\u0105 do wnioskowania na temat genezy stanowisk, ale te\u017c poznania pierwotnej lokalizacji miejsc aktywno\u015bci neandertalczyk\u00f3w i najstarszych ludzi wsp\u00f3\u0142czesnych anatomicznie. Podsumowuj\u0105c, b\u0119dzie mo\u017cliwym uzyskanie odpowiedzi na pytania co spowodowa\u0142o, \u017ce ugrupowania neandertalczyk\u00f3w i najstarszych ludzi wsp\u00f3\u0142czesnych anatomicznie dotar\u0142y na tereny ni\u017cu i jakie typu aktywno\u015bci zosta\u0142y przez nich podj\u0119te. Wszystkie uzyskane informacje uzupe\u0142ni\u0105 aktualny stan wiedzy na temat jednych z najstarszych spo\u0142eczno\u015bci zamieszkuj\u0105cych tereny Europy.<\/p>\r\n<p>&nbsp;<\/p>\r\n","protected":false},"excerpt":{"rendered":"<p>Projekt \u201eAktywno\u015b\u0107 neandertalczyk\u00f3w i najstarszych ludzi wsp\u00f3\u0142czesnych anatomicznie na p\u00f3\u0142nocnych rubie\u017cach ich osadnictwa (w rejonie Zwolenia i G\u00f3ry Pu\u0142awskiej)\u201d (nr 2024\/53\/B\/HS3\/03089), kierowany przez dr hab. Katarzyn\u0119 Py\u017cewicz w Wydzia\u0142u Archeologii Uniwersytetu Warszawskiego, jest finansowany przez Narodowe Centrum Nauki w ramach konkursu OPUS 27 Opis projektu: Badania zwi\u0105zane z aktywno\u015bci\u0105 neandertalczyk\u00f3w i najstarszych ludzi wsp\u00f3\u0142czesnych anatomicznie &hellip; <\/p>\n<p class=\"link-more\"><a href=\"https:\/\/neandertalczyk.archeologia.uw.edu.pl\/\" class=\"more-link\">Czytaj dalej<span class=\"screen-reader-text\"> \u201eStrona g\u0142\u00f3wna\u201d<\/span><\/a><\/p>\n","protected":false},"author":1,"featured_media":0,"parent":0,"menu_order":0,"comment_status":"closed","ping_status":"closed","template":"","meta":{"footnotes":""},"class_list":["post-11","page","type-page","status-publish","hentry"],"_links":{"self":[{"href":"https:\/\/neandertalczyk.archeologia.uw.edu.pl\/index.php\/wp-json\/wp\/v2\/pages\/11","targetHints":{"allow":["GET"]}}],"collection":[{"href":"https:\/\/neandertalczyk.archeologia.uw.edu.pl\/index.php\/wp-json\/wp\/v2\/pages"}],"about":[{"href":"https:\/\/neandertalczyk.archeologia.uw.edu.pl\/index.php\/wp-json\/wp\/v2\/types\/page"}],"author":[{"embeddable":true,"href":"https:\/\/neandertalczyk.archeologia.uw.edu.pl\/index.php\/wp-json\/wp\/v2\/users\/1"}],"replies":[{"embeddable":true,"href":"https:\/\/neandertalczyk.archeologia.uw.edu.pl\/index.php\/wp-json\/wp\/v2\/comments?post=11"}],"version-history":[{"count":11,"href":"https:\/\/neandertalczyk.archeologia.uw.edu.pl\/index.php\/wp-json\/wp\/v2\/pages\/11\/revisions"}],"predecessor-version":[{"id":105,"href":"https:\/\/neandertalczyk.archeologia.uw.edu.pl\/index.php\/wp-json\/wp\/v2\/pages\/11\/revisions\/105"}],"wp:attachment":[{"href":"https:\/\/neandertalczyk.archeologia.uw.edu.pl\/index.php\/wp-json\/wp\/v2\/media?parent=11"}],"curies":[{"name":"wp","href":"https:\/\/api.w.org\/{rel}","templated":true}]}}